


{"id":3,"date":"2024-05-28T07:26:25","date_gmt":"2024-05-28T05:26:25","guid":{"rendered":"https:\/\/greencopilot.eu\/?page_id=3"},"modified":"2024-06-10T17:55:09","modified_gmt":"2024-06-10T15:55:09","slug":"politica-privacidad","status":"publish","type":"page","link":"https:\/\/socialcopilot.eu\/?page_id=3","title":{"rendered":"Pol\u00edtica de privacidad"},"content":{"rendered":"\n<div style=\"height:48px\" aria-hidden=\"true\" class=\"wp-block-spacer\"><\/div>\n\n\n\n<h2 class=\"wp-block-heading\"><strong>Titularidad del sitio<\/strong><\/h2>\n\n\n\n<ul class=\"wp-block-list\">\n<li>Titular del sitio web: VALORA CONSULTORES, S.L. (en adelante, VALORA)<\/li>\n\n\n\n<li>N\u00famero de identificaci\u00f3n fiscal: B-15829443<\/li>\n\n\n\n<li>Domicilio y datos de inscripci\u00f3n: Paseo de Ronda 19, 5A 15010 A Coru\u00f1a, inscrita en el Registro Mercantil de A Coru\u00f1a<\/li>\n\n\n\n<li>Direcci\u00f3n de correo electr\u00f3nico: <a href=\"mailto:info@valoraconsultores.com\">info@valoraconsultores.com<\/a><\/li>\n<\/ul>\n\n\n\n<div style=\"height:48px\" aria-hidden=\"true\" class=\"wp-block-spacer\"><\/div>\n\n\n\n<h2 class=\"wp-block-heading\"><strong>Recolecci\u00f3n de Datos<\/strong><\/h2>\n\n\n\n<ul class=\"wp-block-list\">\n<li><strong>Informaci\u00f3n Personal: <\/strong>No se recaban datos de car\u00e1cter personal de los usuarios sin su consentimiento. Al utilizar nuestros servicios <em>\u201cSolicitar servicio de prueba\u201d <\/em>o <em>\u201cAgenda una demo\u201d<\/em>, podemos recopilar informaci\u00f3n personal proporcionada por los usuarios, exclusivamente nombre y direcci\u00f3n de correo electr\u00f3nico.<\/li>\n\n\n\n<li><strong>Informaci\u00f3n de Navegaci\u00f3n:<\/strong> Para ofrecer un mejor servicio y facilitar el uso del sitio web, analizamos el n\u00famero de p\u00e1ginas visitadas, el n\u00famero de visitas, la actividad de los visitantes y su frecuencia de utilizaci\u00f3n. Esto puede incluir el uso de cookies para registrar las actividades del usuario durante su tiempo de navegaci\u00f3n.<\/li>\n<\/ul>\n\n\n\n<div style=\"height:48px\" aria-hidden=\"true\" class=\"wp-block-spacer\"><\/div>\n\n\n\n<h2 class=\"wp-block-heading\"><strong>Uso de la Informaci\u00f3n<\/strong><\/h2>\n\n\n\n<ul class=\"wp-block-list\">\n<li>La informaci\u00f3n personal recopilada se utiliza para proporcionar, mantener y mejorar nuestros servicios. Esto incluye la administraci\u00f3n de solicitudes de prueba, la programaci\u00f3n de Demos, y la comunicaci\u00f3n con los usuarios sobre sus cuentas o nuestros servicios.<\/li>\n\n\n\n<li>La informaci\u00f3n de navegaci\u00f3n se utiliza para analizar el uso del sitio web y mejorar la experiencia del usuario.<\/li>\n<\/ul>\n\n\n\n<div style=\"height:48px\" aria-hidden=\"true\" class=\"wp-block-spacer\"><\/div>\n\n\n\n<h2 class=\"wp-block-heading\"><strong>Cesi\u00f3n de Datos<\/strong><\/h2>\n\n\n\n<ul class=\"wp-block-list\">\n<li>Para poder dar respuesta e informarle sobre nuestros servicios de car\u00e1cter tecnol\u00f3gico ofrecidos en la web de VALORA, los datos podr\u00e1n ser cedidos, si fuera necesario, a la empresa SICASOFT SOLUTIONS (en adelante, SICASOFT) empresa colaboradora y encargada del desarrollo de software. SICASOFT es una empresa TIC especializada en software de sostenibilidad cuyo domicilio fiscal reside en C\/Payo G\u00f3mez 16-4\u00ba 15004 A Coru\u00f1a, cuyo n\u00famero de identificaci\u00f3n fiscal es: B70452263.<\/li>\n<\/ul>\n\n\n\n<div style=\"height:48px\" aria-hidden=\"true\" class=\"wp-block-spacer\"><\/div>\n\n\n\n<h2 class=\"wp-block-heading\"><strong>&nbsp;Cookies<\/strong><\/h2>\n\n\n\n<ul class=\"wp-block-list\">\n<li>Las cookies utilizadas se asocian \u00fanicamente con un usuario an\u00f3nimo y su ordenador, y no proporcionan por s\u00ed mismas datos personales del usuario.<\/li>\n\n\n\n<li>Las cookies permiten que el servidor web reconozca el navegador utilizado por el usuario para facilitar la navegaci\u00f3n. Tambi\u00e9n se usan para medir la audiencia y par\u00e1metros del tr\u00e1fico, controlar el proceso y n\u00famero de entradas.<\/li>\n\n\n\n<li>Los usuarios pueden configurar su navegador para ser avisados de la recepci\u00f3n de cookies y para impedir su instalaci\u00f3n en su equipo. No es necesario permitir la instalaci\u00f3n de cookies para utilizar el sitio web, aunque puede ser necesario iniciar una sesi\u00f3n en ciertos servicios.<\/li>\n<\/ul>\n\n\n\n<div style=\"height:48px\" aria-hidden=\"true\" class=\"wp-block-spacer\"><\/div>\n\n\n\n<h2 class=\"wp-block-heading\"><strong>Seguridad<\/strong><\/h2>\n\n\n\n<ul class=\"wp-block-list\">\n<li>Implementamos medidas de seguridad adecuadas para proteger la informaci\u00f3n personal de los usuarios contra el acceso no autorizado, la alteraci\u00f3n, la divulgaci\u00f3n o la destrucci\u00f3n.<\/li>\n<\/ul>\n\n\n\n<div style=\"height:48px\" aria-hidden=\"true\" class=\"wp-block-spacer\"><\/div>\n\n\n\n<h2 class=\"wp-block-heading\"><strong>Enlaces a Terceros<\/strong><\/h2>\n\n\n\n<ul class=\"wp-block-list\">\n<li>El presente sitio web puede contener enlaces a sitios web de terceros cuyas pol\u00edticas de privacidad son ajenas a la de VALORA. No somos responsables de los contenidos ni del funcionamiento de estos sitios enlazados.<\/li>\n<\/ul>\n\n\n\n<div style=\"height:48px\" aria-hidden=\"true\" class=\"wp-block-spacer\"><\/div>\n\n\n\n<h2 class=\"wp-block-heading\"><strong>Derechos del Usuario<\/strong><\/h2>\n\n\n\n<ul class=\"wp-block-list\">\n<li>Los usuarios tienen derecho a acceder, corregir, actualizar o eliminar su informaci\u00f3n personal. Para ejercer estos derechos, pueden contactarnos en <a href=\"mailto:info@valoraconsultores.com\">info@valoraconsultores.com<\/a>.<\/li>\n<\/ul>\n\n\n\n<div style=\"height:48px\" aria-hidden=\"true\" class=\"wp-block-spacer\"><\/div>\n\n\n\n<h2 class=\"wp-block-heading\"><strong>Cambios a esta Pol\u00edtica<\/strong><\/h2>\n\n\n\n<ul class=\"wp-block-list\">\n<li>Esta Pol\u00edtica de Privacidad puede ser modificada siguiendo la legislaci\u00f3n aplicable. En este caso, anunciar\u00e1 dichos cambios, indicando claramente y con la debida antelaci\u00f3n las modificaciones efectuadas, y solicitando, en caso de que sea necesario, su aceptaci\u00f3n de dichos cambios.<\/li>\n<\/ul>\n","protected":false},"excerpt":{"rendered":"<p>Titularidad del sitio Recolecci\u00f3n de Datos Uso de la Informaci\u00f3n Cesi\u00f3n de Datos &nbsp;Cookies Seguridad Enlaces a Terceros Derechos del Usuario Cambios a esta Pol\u00edtica<\/p>\n","protected":false},"author":1,"featured_media":0,"parent":0,"menu_order":0,"comment_status":"closed","ping_status":"closed","template":"","meta":{"_themeisle_gutenberg_block_has_review":false,"footnotes":""},"class_list":["post-3","page","type-page","status-publish","hentry"],"yoast_head":"<!-- This site is optimized with the Yoast SEO plugin v23.4 - https:\/\/yoast.com\/wordpress\/plugins\/seo\/ -->\n<title>Pol\u00edtica de privacidad | Valora<\/title>\n<meta name=\"robots\" content=\"index, follow, max-snippet:-1, max-image-preview:large, max-video-preview:-1\" \/>\n<link rel=\"canonical\" href=\"https:\/\/greencopilot.eu\/?page_id=3\" \/>\n<meta property=\"og:locale\" content=\"es_ES\" \/>\n<meta property=\"og:type\" content=\"article\" \/>\n<meta property=\"og:title\" content=\"Pol\u00edtica de privacidad | Valora\" \/>\n<meta property=\"og:description\" content=\"Titularidad del sitio Recolecci\u00f3n de Datos Uso de la Informaci\u00f3n Cesi\u00f3n de Datos &nbsp;Cookies Seguridad Enlaces a Terceros Derechos del Usuario Cambios a esta Pol\u00edtica\" \/>\n<meta property=\"og:url\" content=\"https:\/\/greencopilot.eu\/?page_id=3\" \/>\n<meta property=\"og:site_name\" content=\"Valora\" \/>\n<meta property=\"article:modified_time\" content=\"2024-06-10T15:55:09+00:00\" \/>\n<meta property=\"og:image\" content=\"https:\/\/socialcopilot.eu\/wp-content\/uploads\/2024\/06\/Green_Copilot_Logo-transparente-1.png\" \/>\n\t<meta property=\"og:image:width\" content=\"228\" \/>\n\t<meta property=\"og:image:height\" content=\"81\" \/>\n\t<meta property=\"og:image:type\" content=\"image\/png\" \/>\n<meta name=\"twitter:card\" content=\"summary_large_image\" \/>\n<meta name=\"twitter:label1\" content=\"Tiempo de lectura\" \/>\n\t<meta name=\"twitter:data1\" content=\"3 minutos\" \/>\n<script type=\"application\/ld+json\" class=\"yoast-schema-graph\">{\"@context\":\"https:\/\/schema.org\",\"@graph\":[{\"@type\":\"WebPage\",\"@id\":\"https:\/\/greencopilot.eu\/?page_id=3\",\"url\":\"https:\/\/greencopilot.eu\/?page_id=3\",\"name\":\"Pol\u00edtica de privacidad | Valora\",\"isPartOf\":{\"@id\":\"https:\/\/greencopilot.eu\/#website\"},\"datePublished\":\"2024-05-28T05:26:25+00:00\",\"dateModified\":\"2024-06-10T15:55:09+00:00\",\"breadcrumb\":{\"@id\":\"https:\/\/greencopilot.eu\/?page_id=3#breadcrumb\"},\"inLanguage\":\"es\",\"potentialAction\":[{\"@type\":\"ReadAction\",\"target\":[\"https:\/\/greencopilot.eu\/?page_id=3\"]}]},{\"@type\":\"BreadcrumbList\",\"@id\":\"https:\/\/greencopilot.eu\/?page_id=3#breadcrumb\",\"itemListElement\":[{\"@type\":\"ListItem\",\"position\":1,\"name\":\"Portada\",\"item\":\"https:\/\/greencopilot.eu\/\"},{\"@type\":\"ListItem\",\"position\":2,\"name\":\"Pol\u00edtica de privacidad\"}]},{\"@type\":\"WebSite\",\"@id\":\"https:\/\/greencopilot.eu\/#website\",\"url\":\"https:\/\/greencopilot.eu\/\",\"name\":\"Green Copilot\",\"description\":\"Soluciones digitales para empresas que buscan una respuesta a sus obligaciones medioambientales\",\"publisher\":{\"@id\":\"https:\/\/greencopilot.eu\/#organization\"},\"alternateName\":\"Greencopilot\",\"potentialAction\":[{\"@type\":\"SearchAction\",\"target\":{\"@type\":\"EntryPoint\",\"urlTemplate\":\"https:\/\/greencopilot.eu\/?s={search_term_string}\"},\"query-input\":{\"@type\":\"PropertyValueSpecification\",\"valueRequired\":true,\"valueName\":\"search_term_string\"}}],\"inLanguage\":\"es\"},{\"@type\":\"Organization\",\"@id\":\"https:\/\/greencopilot.eu\/#organization\",\"name\":\"Valora\",\"url\":\"https:\/\/greencopilot.eu\/\",\"logo\":{\"@type\":\"ImageObject\",\"inLanguage\":\"es\",\"@id\":\"https:\/\/greencopilot.eu\/#\/schema\/logo\/image\/\",\"url\":\"https:\/\/greencopilot.eu\/wp-content\/uploads\/2024\/06\/Vector.jpg\",\"contentUrl\":\"https:\/\/greencopilot.eu\/wp-content\/uploads\/2024\/06\/Vector.jpg\",\"width\":180,\"height\":36,\"caption\":\"Valora\"},\"image\":{\"@id\":\"https:\/\/greencopilot.eu\/#\/schema\/logo\/image\/\"},\"sameAs\":[\"https:\/\/www.linkedin.com\/company\/valora-consultores\",\"https:\/\/www.youtube.com\/channel\/UCFq7vmpd8vlplucQIL1-Y-w\"]}]}<\/script>\n<!-- \/ Yoast SEO plugin. -->","yoast_head_json":{"title":"Pol\u00edtica de privacidad | Valora","robots":{"index":"index","follow":"follow","max-snippet":"max-snippet:-1","max-image-preview":"max-image-preview:large","max-video-preview":"max-video-preview:-1"},"canonical":"https:\/\/greencopilot.eu\/?page_id=3","og_locale":"es_ES","og_type":"article","og_title":"Pol\u00edtica de privacidad | Valora","og_description":"Titularidad del sitio Recolecci\u00f3n de Datos Uso de la Informaci\u00f3n Cesi\u00f3n de Datos &nbsp;Cookies Seguridad Enlaces a Terceros Derechos del Usuario Cambios a esta Pol\u00edtica","og_url":"https:\/\/greencopilot.eu\/?page_id=3","og_site_name":"Valora","article_modified_time":"2024-06-10T15:55:09+00:00","og_image":[{"width":228,"height":81,"url":"https:\/\/socialcopilot.eu\/wp-content\/uploads\/2024\/06\/Green_Copilot_Logo-transparente-1.png","type":"image\/png"}],"twitter_card":"summary_large_image","twitter_misc":{"Tiempo de lectura":"3 minutos"},"schema":{"@context":"https:\/\/schema.org","@graph":[{"@type":"WebPage","@id":"https:\/\/greencopilot.eu\/?page_id=3","url":"https:\/\/greencopilot.eu\/?page_id=3","name":"Pol\u00edtica de privacidad | Valora","isPartOf":{"@id":"https:\/\/greencopilot.eu\/#website"},"datePublished":"2024-05-28T05:26:25+00:00","dateModified":"2024-06-10T15:55:09+00:00","breadcrumb":{"@id":"https:\/\/greencopilot.eu\/?page_id=3#breadcrumb"},"inLanguage":"es","potentialAction":[{"@type":"ReadAction","target":["https:\/\/greencopilot.eu\/?page_id=3"]}]},{"@type":"BreadcrumbList","@id":"https:\/\/greencopilot.eu\/?page_id=3#breadcrumb","itemListElement":[{"@type":"ListItem","position":1,"name":"Portada","item":"https:\/\/greencopilot.eu\/"},{"@type":"ListItem","position":2,"name":"Pol\u00edtica de privacidad"}]},{"@type":"WebSite","@id":"https:\/\/greencopilot.eu\/#website","url":"https:\/\/greencopilot.eu\/","name":"Green Copilot","description":"Soluciones digitales para empresas que buscan una respuesta a sus obligaciones medioambientales","publisher":{"@id":"https:\/\/greencopilot.eu\/#organization"},"alternateName":"Greencopilot","potentialAction":[{"@type":"SearchAction","target":{"@type":"EntryPoint","urlTemplate":"https:\/\/greencopilot.eu\/?s={search_term_string}"},"query-input":{"@type":"PropertyValueSpecification","valueRequired":true,"valueName":"search_term_string"}}],"inLanguage":"es"},{"@type":"Organization","@id":"https:\/\/greencopilot.eu\/#organization","name":"Valora","url":"https:\/\/greencopilot.eu\/","logo":{"@type":"ImageObject","inLanguage":"es","@id":"https:\/\/greencopilot.eu\/#\/schema\/logo\/image\/","url":"https:\/\/greencopilot.eu\/wp-content\/uploads\/2024\/06\/Vector.jpg","contentUrl":"https:\/\/greencopilot.eu\/wp-content\/uploads\/2024\/06\/Vector.jpg","width":180,"height":36,"caption":"Valora"},"image":{"@id":"https:\/\/greencopilot.eu\/#\/schema\/logo\/image\/"},"sameAs":["https:\/\/www.linkedin.com\/company\/valora-consultores","https:\/\/www.youtube.com\/channel\/UCFq7vmpd8vlplucQIL1-Y-w"]}]}},"_links":{"self":[{"href":"https:\/\/socialcopilot.eu\/index.php?rest_route=\/wp\/v2\/pages\/3","targetHints":{"allow":["GET"]}}],"collection":[{"href":"https:\/\/socialcopilot.eu\/index.php?rest_route=\/wp\/v2\/pages"}],"about":[{"href":"https:\/\/socialcopilot.eu\/index.php?rest_route=\/wp\/v2\/types\/page"}],"author":[{"embeddable":true,"href":"https:\/\/socialcopilot.eu\/index.php?rest_route=\/wp\/v2\/users\/1"}],"replies":[{"embeddable":true,"href":"https:\/\/socialcopilot.eu\/index.php?rest_route=%2Fwp%2Fv2%2Fcomments&post=3"}],"version-history":[{"count":6,"href":"https:\/\/socialcopilot.eu\/index.php?rest_route=\/wp\/v2\/pages\/3\/revisions"}],"predecessor-version":[{"id":167,"href":"https:\/\/socialcopilot.eu\/index.php?rest_route=\/wp\/v2\/pages\/3\/revisions\/167"}],"wp:attachment":[{"href":"https:\/\/socialcopilot.eu\/index.php?rest_route=%2Fwp%2Fv2%2Fmedia&parent=3"}],"curies":[{"name":"wp","href":"https:\/\/api.w.org\/{rel}","templated":true}]}}